



{"id":38,"date":"2022-03-01T09:03:01","date_gmt":"2022-03-01T06:03:01","guid":{"rendered":"http:\/\/scrignomagico.metko.ru\/?page_id=38"},"modified":"2025-09-12T10:32:13","modified_gmt":"2025-09-12T07:32:13","slug":"trasparenza","status":"publish","type":"page","link":"https:\/\/scrignomagico.com\/en\/trasparenza\/","title":{"rendered":"TRANSPARENCY"},"content":{"rendered":"<p><strong>Cooperative sociali e Trasparenza<\/strong><\/p>\n<p>Gli&nbsp;<strong>obblighi sulla trasparenza<\/strong>&nbsp;riguardano anche le&nbsp;<strong>cooperative sociali<\/strong>&nbsp;che si occupano della gestione dei servizi socio-sanitari, formativi e di educazione permanente. Lo chiarisce l\u2019Anac con&nbsp;<strong>delibera N.21 del 12 gennaio 2022<\/strong>.<\/p>\n<p>Come accade per le associazioni, le fondazioni e gli enti di diritto privato, anche le coop sono tenute a rispettare le misure del&nbsp;<strong>decreto legislativo 33\/2013<\/strong>&nbsp;se sono in possesso di tre requisiti cumulativi:<\/p>\n<ul>\n<li>bilancio superiore a 500.000 euro;<\/li>\n<li>finanziamento maggioritario da parte delle pubbliche amministrazioni per almeno due esercizi consecutivi negli ultimi tre anni;<\/li>\n<li>la nomina della totalit\u00e0 dei componenti degli organi di amministrazione da parte della Pubblica Amministrazione.<\/li>\n<\/ul>\n<p>In tal caso, previa verifica caso per caso, tenendo conto anche dei singoli atti costitutivi e degli statuti, sono tenute ad assicurare la trasparenza sia per quanto riguarda l\u2019organizzazione che l\u2019attivit\u00e0.&nbsp;Se invece non sono soddisfatti i tre requisiti insieme, le cooperative sociali con un bilancio superiore a 500000 euro che siano state accreditate presso la regione per la gestione di servizi di interesse generale devono garantire il rispetto degli&nbsp;<strong>obblighi di pubblicazione<\/strong>&nbsp;e l\u2019<strong>accesso civico semplice e generalizzato<\/strong>&nbsp;solo per i dati e i documenti relativi alle attivit\u00e0 di pubblico interesse svolte e non per quelli inerenti alla organizzazione.<\/p>\n<p>Al fine della semplificazione, per evitare duplicazioni degli obblighi, chiarisce Anac, \u00e8 sufficiente la&nbsp;<strong>pubblicazione del bilancio sociale<\/strong>&nbsp;sul sito istituzionale.<\/p>\n<p><p>Nella stessa delibera Anac sottolinea come l\u2019obbligo di pubblicazione della carta dei servizi o il documento contenente gli standard di qualit\u00e0 dei servizi pubblici riguardi tutti i gestori di servizi pubblici a prescindere dallo strumento \u2013 concessione, appalto o altra modalit\u00e0 \u2013 con cui essi abbiano deciso di affidare il servizio pubblico. Anche in questo caso, per evitare doppioni, \u00e8 sufficiente la pubblicazione delle informazioni nel bilancio sociale.<\/p>\n<p><strong>Documentazione<\/strong><\/p>\n<p><strong>Bilancio di esercizio 2024 aggiornato al 31.12.2024<\/strong><br \/>\n<a href=\"\/wp-content\/uploads\/2025\/Bilancio di esercizio 2024.pdf\" target=\"_blank\" rel=\"noopener\">GUARDA IL DOCUMENTO<\/a><\/p>\n<p><strong>CARTA dei SERVIZI 2025<\/strong><br \/>\n<a href=\"\/wp-content\/uploads\/2025\/CARTA dei SERVIZI 2025.pdf\" target=\"_blank\" rel=\"noopener\">GUARDA IL DOCUMENTO<\/a><br \/>\n<\/p>\n<ul>\n<li><strong>Class Action<\/strong><\/li>\n<\/ul>\n<p>Dalla data di costituzione alla data del 31 dicembre 2024 non risultano notificati a&nbsp;<em>Lo Scrigno Magico \u2013 Societ\u00e0 Cooperativa Sociale<\/em>&nbsp;ricorsi collettivi.<\/p>\n<p>Aggiornato il 31.12.2024<\/p>\n<ul>\n<li><strong>Costi Contabilizzati<\/strong><\/li>\n<\/ul>\n<p>Per questa voce si rinvia ai Bilanci di esercizio e note integrative.<\/p>\n<p>Aggiornato il 31.12.2024<\/p>\n<ul>\n<li><strong>Liste di Attesa<\/strong><\/li>\n<\/ul>\n<p>Per questa voce si rinvia alla Carta dei servizi<\/p>\n<p>Aggiornato il 31.12.2024<\/p>\n<p><strong>ALTRI CONTENUTI<\/strong><\/p>\n<ul>\n<li><strong>Accesso Civico<\/strong><\/li>\n<\/ul>\n<p>L\u2019Accesso civico \u00e8 il diritto di chiunque, senza necessit\u00e0 di indicarne il motivo, di richiedere documenti, informazioni o dati in possesso della societ\u00e0 Lo Scrigno Magico \u2013 Societ\u00e0 Cooperativa Sociale, nel rispetto dei limiti relativi alla tutela di interessi giuridicamente rilevanti.<\/p>\n<ul>\n<li><strong>Accesso Civico Generalizzato<\/strong><\/li>\n<\/ul>\n<p>Il diritto all\u2019accesso civico generalizzato riguarda la possibilit\u00e0 da parte di chiunque di accedere a dati, documenti e informazioni detenuti dalla societ\u00e0, ulteriori rispetto a quelli oggetto di pubblicazione obbligatoria previsti dal D.Lgs. n. 33\/2013. La richiesta deve consentire all\u2019Ente di individuare il dato, il documento o l\u2019informazione oggetto di accesso, pertanto le richieste generiche sono ritenute inammissibili.<\/p>\n<p>Per esercitare il diritto di accesso occorre compilare il modulo <a href=\"\/wp-content\/uploads\/2022\/05\/Richiesta-accesso-civico-generalizzato.pdf\"><strong>Richiesta Accesso Civico Generalizzato<\/strong><\/a>&nbsp;ed inviarlo per posta ordinaria o tramite e-mail al soggetto e agli indirizzi indicati nel modulo.<\/p>\n<ul>\n<li><strong>Accesso Civico Titolare Potere Sostitutivo<\/strong><\/li>\n<\/ul>\n<p>Nel caso in cui nei tempi previsti dalla norma, non sia stata evasa la richiesta di accesso, l\u2019interessato pu\u00f2 rivolgersi al titolare del potere sostitutivo attraverso il modulo <a href=\"\/wp-content\/uploads\/2022\/05\/Richiesta-accesso-civico-titolare-potere-sostitutivo-1.pdf\"><strong>Richiesta Accesso Civico Titolare Potere Sostituivo<\/strong><\/a><\/p>\n<ul>\n<li><strong>Registro degli Accessi<\/strong><\/li>\n<\/ul>\n<p><strong><a href=\"\/wp-content\/uploads\/2022\/05\/Registro-accessi.pdf\">&nbsp;scarica il Registro degli Accessi<\/a><\/strong><\/p>\n<p>Aggiornato il 31.12.2024<\/p>\n<ul>\n<li><strong>Regolamento per l\u2019esercizio del diritto di accesso<\/strong><\/li>\n<\/ul>\n<p><a href=\"\/wp-content\/uploads\/2022\/05\/Regolamento-diritto-di-accesso-1.pdf\"><strong>&nbsp;scarica il Regolamento del diritto di accesso<\/strong><\/a><\/p>\n<p>Aggiornato il 31.12.2024<\/p>\n<ul>\n<li><strong>Dati Ulteriori<\/strong><\/li>\n<\/ul>\n<p>Al momento non vi sono \u201cdati ulteriori\u201d da pubblicare rispetto a quelli previsti dalla normativa.<\/p>\n<p><strong>Decreto ATS PAVIA per ambulatorio di riabilitazione<\/strong><\/p>\n<p><a href=\"\/wp-content\/uploads\/2021\/04\/Decreto-ATS-Pavia-x-Ambulatorio-di-Riabilitazione-515_DC2019_con-allegati1.pdf\" target=\"_blank\" rel=\"noopener\">GUARDA IL DOCUMENTO<\/a><\/p>\n<p><strong>Decreto ATS PAVIA per riabilitazione a ciclo diurno<\/strong><\/p>\n<p><a href=\"\/wp-content\/uploads\/2021\/04\/Decreto-ATS-Pavia-x-Riabilitazione-ciclo-diurno-2021-03-19-n.174_Dgi-Lo-Scrigno-Magico.pdf\" target=\"_blank\" rel=\"noopener\">GUARDA IL DOCUMENTO<\/a><\/p>\n<p><strong>Atto statuto aggiornato del soggetto gestore<\/strong><\/p>\n<p><a href=\"\/wp-content\/uploads\/2024\/Atto Statuto Lo Scrigno Magico aggiornato.pdf\" target=\"_blank\" rel=\"noopener\">GUARDA IL DOCUMENTO<\/a><\/p>\n<p><strong>Riordino rete attivit\u00e0 riabilitazione<\/strong><\/p>\n<p><a href=\"\/wp-content\/uploads\/2024\/DGR 19883 del 2004 requisiti-riabilitazione.pdf\" target=\"_blank\" rel=\"noopener\">GUARDA IL DOCUMENTO<\/a><\/p>\n<p><strong>Informativa privacy<\/strong><\/p>\n<p><a href=\"\/wp-content\/uploads\/2021\/04\/informativa-privacy.pdf\" target=\"_blank\" rel=\"noopener\">GUARDA IL DOCUMENTO<\/a><\/p>\n<p><strong>Verbale nomina revisore<\/strong><\/p>\n<p><a href=\"\/wp-content\/uploads\/2023\/12\/Verbale nomina revisore.pdf\" target=\"_blank\" rel=\"noopener\">GUARDA IL DOCUMENTO<\/a><\/p>\n<p><strong>Polizza<\/strong><\/p>\n<p><a href=\"\/wp-content\/uploads\/2024\/Polizza.pdf\" target=\"_blank\" rel=\"noopener\">GUARDA IL DOCUMENTO<\/a><\/p>\n<p><strong>Bilancio sociale 2024<\/strong><\/p>\n<p><a href=\"\/wp-content\/uploads\/2025\/Bilancio sociale 2024.PDF\" target=\"_blank\" rel=\"noopener\">GUARDA IL DOCUMENTO<\/a><\/p>\n<p><strong>Bilancio 2023 deposito ricevuta Infocamere<\/strong><\/p>\n<p><a href=\"\/img\/Bilancio 2022 deposito ricevuta Infocamere.pdf\" target=\"_blank\" rel=\"noopener\">GUARDA IL DOCUMENTO<\/a><\/p>\n<p><strong> Relazione Revisore dei Conti su Bilancio di\u00a0esercizio\u00a02023<\/strong><\/p>\n<p><a href=\"\/wp-content\/uploads\/2023\/12\/Relazione del Revisore dei conti sull'esercizio 2023.pdf\" target=\"_blank\" rel=\"noopener\">GUARDA IL DOCUMENTO<\/a><\/p>\n<p><strong>Relazione Revisore dei Conti su Bilancio di esercizio 2024<\/strong><\/p>\n<p><a href=\"\/wp-content\/uploads\/2025\/Relazione Revisore dei Conti su Bilancio di esercizio 2024.pdf\" target=\"_blank\" rel=\"noopener\">GUARDA IL DOCUMENTO<\/a><\/p>\n<p><strong>GRIGLIA DI OSSERVAZIONE 2024<\/strong><\/p>\n<p><a href=\"\/wp-content\/uploads\/2025\/GRIGLIA DI OSSERVAZIONE 2024.pdf\" target=\"_blank\" rel=\"noopener\">GUARDA IL DOCUMENTO<\/a><\/p>\n<p><strong>Verbale di approvazione Bilancio di esercizio 2024<\/strong><\/p>\n<p><a href=\"\/wp-content\/uploads\/2025\/Verbale di approvazione Bilancio di esercizio 2024.pdf\" target=\"_blank\" rel=\"noopener\">GUARDA IL DOCUMENTO<\/a><\/p>\n<p><strong>Atto del Presidente del 1 giugno 2024 &#8211; OIV<\/strong><\/p>\n<p><a href=\"\/wp-content\/uploads\/2025\/Atto del Presidente del 1 giugno 2024 - OIV.pdf\" target=\"_blank\" rel=\"noopener\">GUARDA IL DOCUMENTO<\/a><\/p>\n<p><strong>UECOOP VERBALE  Revisione 2024<\/strong><\/p>\n<p><a href=\"\/wp-content\/uploads\/2024\/UECOOP VERBALE  Revisione 15.11.2024.pdf\" target=\"_blank\" rel=\"noopener\">GUARDA IL DOCUMENTO<\/a><\/p>\n<p><strong>PV_764261_ricevuta_protocollo CCIAA Bilancio sociale<\/strong><\/p>\n<p><a href=\"\/wp-content\/uploads\/2025\/PV_764261_ricevuta_protocollo CCIAA Bilancio sociale.pdf\" target=\"_blank\" rel=\"noopener\">GUARDA IL DOCUMENTO<\/a><\/p>\n<p><strong>PV_764226_ricevuta_protocollo CCIAA Bilancio di esercizio<\/strong><\/p>\n<p><a href=\"\/wp-content\/uploads\/2025\/PV_764226_ricevuta_protocollo CCIAA Bilancio di esercizio.pdf\" target=\"_blank\" rel=\"noopener\">GUARDA IL DOCUMENTO<\/a><\/p>\n<p><strong>PV_767226_ricevuta_protocollo CCIAA Bilancio sociale<\/strong><\/p>\n<p><a href=\"\/wp-content\/uploads\/2025\/PV_767226_ricevuta_protocollo.pdf\" target=\"_blank\" rel=\"noopener\">GUARDA IL DOCUMENTO<\/a><\/p>\n<p><strong>AGENZIA DI TUTELA DELLA SALUTE (ATS) DI PAVIA 2025<\/strong><\/p>\n<p><a href=\"\/wp-content\/uploads\/2025\/588_DC_2025.pdf\" target=\"_blank\" rel=\"noopener\">GUARDA IL DOCUMENTO<\/a><\/p>\n<p><strong>Convenzione RIA minori DGR 3239 Firmata 2025<\/strong><\/p>\n<p><a href=\"\/wp-content\/uploads\/2025\/convenzione RIA minori DGR 3239 Firmata 2025.pdf\" target=\"_blank\" rel=\"noopener\">GUARDA IL DOCUMENTO<\/a><\/p>\n<p><strong>Lo Scrigno Magico RIA amb 2025 C.I.G. N.B5360E3D38<\/strong><\/p>\n<p><a href=\"\/wp-content\/uploads\/2025\/Lo Scrigno Magico RIA amb 2025 C.I.G. N.B5360E3D38.pdf\" target=\"_blank\" rel=\"noopener\">GUARDA IL DOCUMENTO<\/a><\/p>\n<p><strong>Lo Scrigno Magico RIA Amb 2025 C.I.G.\u00a0N.B7F1F3EA18<\/strong><\/p>\n<p><a href=\"\/wp-content\/uploads\/2025\/Lo Scrigno Magico RIA Amb 2025 C.I.G.\u00a0N.B7F1F3EA18.pdf\" target=\"_blank\" rel=\"noopener\">GUARDA IL DOCUMENTO<\/a><\/p>\n","protected":false},"excerpt":{"rendered":"<p>Cooperative sociali e Trasparenza Gli&nbsp;obblighi sulla trasparenza&nbsp;riguardano anche le&nbsp;cooperative sociali&nbsp;che si occupano della gestione dei servizi socio-sanitari, formativi e di educazione permanente. Lo chiarisce l\u2019Anac con&nbsp;delibera N.21 del 12 gennaio 2022. Come accade per le associazioni, le fondazioni e gli enti di diritto privato, anche le coop sono tenute a rispettare le misure del&nbsp;decreto legislativo&hellip; <a class=\"more-link\" href=\"https:\/\/scrignomagico.com\/en\/trasparenza\/\">Continue reading <span class=\"screen-reader-text\">TRANSPARENCY<\/span><\/a><\/p>\n","protected":false},"author":1,"featured_media":0,"parent":0,"menu_order":0,"comment_status":"closed","ping_status":"closed","template":"","meta":{"ngg_post_thumbnail":0,"footnotes":""},"class_list":["post-38","page","type-page","status-publish","hentry","entry"],"translation":{"provider":"WPGlobus","version":"2.10.4","language":"en","enabled_languages":["it","en","ru"],"languages":{"it":{"title":true,"content":true,"excerpt":false},"en":{"title":true,"content":false,"excerpt":false},"ru":{"title":true,"content":false,"excerpt":false}}},"yoast_head":"<!-- This site is optimized with the Yoast SEO plugin v23.4 - https:\/\/yoast.com\/wordpress\/plugins\/seo\/ -->\n<title>Societ\u00e0 Trasparente - Lo Scrigno Magico Vigevano<\/title>\n<meta name=\"robots\" content=\"index, follow, max-snippet:-1, max-image-preview:large, max-video-preview:-1\" \/>\n<link rel=\"canonical\" href=\"https:\/\/scrignomagico.com\/trasparenza\/\" \/>\n<meta property=\"og:locale\" content=\"en_US\" \/>\n<meta property=\"og:type\" content=\"article\" \/>\n<meta property=\"og:title\" content=\"TRANSPARENCY - scrignomagico.com\" \/>\n<meta property=\"og:url\" content=\"https:\/\/scrignomagico.com\/trasparenza\/\" \/>\n<meta property=\"og:site_name\" content=\"scrignomagico.com\" \/>\n<meta property=\"article:modified_time\" content=\"2025-09-12T07:32:13+00:00\" \/>\n<meta name=\"twitter:card\" content=\"summary_large_image\" \/>\n<meta name=\"twitter:label1\" content=\"Est. reading time\" \/>\n\t<meta name=\"twitter:data1\" content=\"5 minutes\" \/>\n<script type=\"application\/ld+json\" class=\"yoast-schema-graph\">{\"@context\":\"https:\/\/schema.org\",\"@graph\":[{\"@type\":\"WebPage\",\"@id\":\"https:\/\/scrignomagico.com\/trasparenza\/\",\"url\":\"https:\/\/scrignomagico.com\/trasparenza\/\",\"name\":\"Societ\u00e0 Trasparente - Lo Scrigno Magico Vigevano\",\"isPartOf\":{\"@id\":\"https:\/\/scrignomagico.com\/#website\"},\"datePublished\":\"2022-03-01T06:03:01+00:00\",\"dateModified\":\"2025-09-12T07:32:13+00:00\",\"breadcrumb\":{\"@id\":\"https:\/\/scrignomagico.com\/trasparenza\/#breadcrumb\"},\"inLanguage\":\"en-US\",\"potentialAction\":[{\"@type\":\"ReadAction\",\"target\":[\"https:\/\/scrignomagico.com\/trasparenza\/\"]}]},{\"@type\":\"BreadcrumbList\",\"@id\":\"https:\/\/scrignomagico.com\/trasparenza\/#breadcrumb\",\"itemListElement\":[{\"@type\":\"ListItem\",\"position\":1,\"name\":\"\u0413\u043b\u0430\u0432\u043d\u0430\u044f \u0441\u0442\u0440\u0430\u043d\u0438\u0446\u0430\",\"item\":\"https:\/\/scrignomagico.com\/\"},{\"@type\":\"ListItem\",\"position\":2,\"name\":\"Societ\u00e0 Trasparente\"}]},{\"@type\":\"WebSite\",\"@id\":\"https:\/\/scrignomagico.com\/#website\",\"url\":\"https:\/\/scrignomagico.com\/\",\"name\":\"scrignomagico.com\",\"description\":\"Home - Lo Scrigno Magico Vigevano\",\"publisher\":{\"@id\":\"https:\/\/scrignomagico.com\/#organization\"},\"potentialAction\":[{\"@type\":\"SearchAction\",\"target\":{\"@type\":\"EntryPoint\",\"urlTemplate\":\"https:\/\/scrignomagico.com\/?s={search_term_string}\"},\"query-input\":{\"@type\":\"PropertyValueSpecification\",\"valueRequired\":true,\"valueName\":\"search_term_string\"}}],\"inLanguage\":\"en-US\"},{\"@type\":\"Organization\",\"@id\":\"https:\/\/scrignomagico.com\/#organization\",\"name\":\"scrignomagico.com\",\"url\":\"https:\/\/scrignomagico.com\/\",\"logo\":{\"@type\":\"ImageObject\",\"inLanguage\":\"en-US\",\"@id\":\"https:\/\/scrignomagico.com\/#\/schema\/logo\/image\/\",\"url\":\"https:\/\/scrignomagico.com\/wp-content\/uploads\/2022\/03\/lg.png\",\"contentUrl\":\"https:\/\/scrignomagico.com\/wp-content\/uploads\/2022\/03\/lg.png\",\"width\":369,\"height\":41,\"caption\":\"scrignomagico.com\"},\"image\":{\"@id\":\"https:\/\/scrignomagico.com\/#\/schema\/logo\/image\/\"}}]}<\/script>\n<!-- \/ Yoast SEO plugin. -->","yoast_head_json":{"title":"Societ\u00e0 Trasparente - Lo Scrigno Magico Vigevano","robots":{"index":"index","follow":"follow","max-snippet":"max-snippet:-1","max-image-preview":"max-image-preview:large","max-video-preview":"max-video-preview:-1"},"canonical":"https:\/\/scrignomagico.com\/trasparenza\/","og_locale":"en_US","og_type":"article","og_title":"TRANSPARENCY - scrignomagico.com","og_url":"https:\/\/scrignomagico.com\/trasparenza\/","og_site_name":"scrignomagico.com","article_modified_time":"2025-09-12T07:32:13+00:00","twitter_card":"summary_large_image","twitter_misc":{"Est. reading time":"5 minutes"},"schema":{"@context":"https:\/\/schema.org","@graph":[{"@type":"WebPage","@id":"https:\/\/scrignomagico.com\/trasparenza\/","url":"https:\/\/scrignomagico.com\/trasparenza\/","name":"Societ\u00e0 Trasparente - Lo Scrigno Magico Vigevano","isPartOf":{"@id":"https:\/\/scrignomagico.com\/#website"},"datePublished":"2022-03-01T06:03:01+00:00","dateModified":"2025-09-12T07:32:13+00:00","breadcrumb":{"@id":"https:\/\/scrignomagico.com\/trasparenza\/#breadcrumb"},"inLanguage":"en-US","potentialAction":[{"@type":"ReadAction","target":["https:\/\/scrignomagico.com\/trasparenza\/"]}]},{"@type":"BreadcrumbList","@id":"https:\/\/scrignomagico.com\/trasparenza\/#breadcrumb","itemListElement":[{"@type":"ListItem","position":1,"name":"\u0413\u043b\u0430\u0432\u043d\u0430\u044f \u0441\u0442\u0440\u0430\u043d\u0438\u0446\u0430","item":"https:\/\/scrignomagico.com\/"},{"@type":"ListItem","position":2,"name":"Societ\u00e0 Trasparente"}]},{"@type":"WebSite","@id":"https:\/\/scrignomagico.com\/#website","url":"https:\/\/scrignomagico.com\/","name":"scrignomagico.com","description":"Home - Lo Scrigno Magico Vigevano","publisher":{"@id":"https:\/\/scrignomagico.com\/#organization"},"potentialAction":[{"@type":"SearchAction","target":{"@type":"EntryPoint","urlTemplate":"https:\/\/scrignomagico.com\/?s={search_term_string}"},"query-input":{"@type":"PropertyValueSpecification","valueRequired":true,"valueName":"search_term_string"}}],"inLanguage":"en-US"},{"@type":"Organization","@id":"https:\/\/scrignomagico.com\/#organization","name":"scrignomagico.com","url":"https:\/\/scrignomagico.com\/","logo":{"@type":"ImageObject","inLanguage":"en-US","@id":"https:\/\/scrignomagico.com\/#\/schema\/logo\/image\/","url":"https:\/\/scrignomagico.com\/wp-content\/uploads\/2022\/03\/lg.png","contentUrl":"https:\/\/scrignomagico.com\/wp-content\/uploads\/2022\/03\/lg.png","width":369,"height":41,"caption":"scrignomagico.com"},"image":{"@id":"https:\/\/scrignomagico.com\/#\/schema\/logo\/image\/"}}]}},"_links":{"self":[{"href":"https:\/\/scrignomagico.com\/en\/wp-json\/wp\/v2\/pages\/38","targetHints":{"allow":["GET"]}}],"collection":[{"href":"https:\/\/scrignomagico.com\/en\/wp-json\/wp\/v2\/pages"}],"about":[{"href":"https:\/\/scrignomagico.com\/en\/wp-json\/wp\/v2\/types\/page"}],"author":[{"embeddable":true,"href":"https:\/\/scrignomagico.com\/en\/wp-json\/wp\/v2\/users\/1"}],"replies":[{"embeddable":true,"href":"https:\/\/scrignomagico.com\/en\/wp-json\/wp\/v2\/comments?post=38"}],"version-history":[{"count":60,"href":"https:\/\/scrignomagico.com\/en\/wp-json\/wp\/v2\/pages\/38\/revisions"}],"predecessor-version":[{"id":1312,"href":"https:\/\/scrignomagico.com\/en\/wp-json\/wp\/v2\/pages\/38\/revisions\/1312"}],"wp:attachment":[{"href":"https:\/\/scrignomagico.com\/en\/wp-json\/wp\/v2\/media?parent=38"}],"curies":[{"name":"wp","href":"https:\/\/api.w.org\/{rel}","templated":true}]}}