



{"id":28,"date":"2022-03-01T08:43:46","date_gmt":"2022-03-01T05:43:46","guid":{"rendered":"http:\/\/scrignomagico.metko.ru\/?page_id=28"},"modified":"2025-03-20T15:19:22","modified_gmt":"2025-03-20T12:19:22","slug":"contatti","status":"publish","type":"page","link":"https:\/\/scrignomagico.com\/en\/contatti\/","title":{"rendered":"CONTACTS"},"content":{"rendered":"<p>Ogni giorno all\u2019Istituto di Riabilitazione \u201cLo Scrigno Magico\u201d vengono sviluppate attivit\u00e0 di promozione della qualit\u00e0 di vita attraverso il recupero funzionale e sociale di persone con disabilit\u00e0 siche, psichiche, sensoriali o miste, dipendenti da varie cause. Queste attivit\u00e0 sono erogate , coordinate e supervisionate da un\u2019equipe multidisciplinare e prevedono per ciascun utente il proprio Piano Riabilitativo Individualizzato , nel quale possono essere prescritti vari interventi necessari : riabilitazione , chinesiterapia, terapia neuromotoria e funzionale, psicomotricit\u00e0, logopedia , potenziamento cognitivo ,attivit\u00e0 espressive, musicoterapia e attivit\u00e0 di animazione ,attivit\u00e0 motorie in piscina terapeutica, attivit\u00e0 di sostegno alla famiglia, riabilitazione equestre , che si avvalgono anche di&nbsp;strumentazioni innovative e tecnologicamente avanzate.<\/p>\r\n<div class=\"cont_str\">\r\n<div>\r\n<div><img decoding=\"async\" src=\"\/img\/tel.jpg\"><\/div>\r\n<div>0381 54.20.68<\/div>\r\n<\/div>\r\n<div>\r\n<div><img decoding=\"async\" src=\"\/img\/poch.jpg\"><\/div>\r\n<div><a href=\"mailto:scrignoadi@tiscali.it\">scrignoadi@tiscali.it<\/a><\/div>\r\n<\/div>\r\n<\/div>\r\n<h3>Gestione Delle Prestazioni Riabilitative Ambulatoriali:<\/h3>\r\n<div class=\"conttt\">\r\n<p>Per le prenotazione in sede: dalle 9:00 alle 12:00 , dalle 14:00 alle 18:00.<\/p>\r\n<p>Per le prenotazione telefonica: dalle 9:00 alle 18:00 tutti i giorni feriali Tel.: <b>0381542068<\/b><\/p>\r\n<p>Orari di erogazione delle prestazioni:dalle 9:00 alle 18:00 tutti i giorni feriali .<\/p>\r\n<\/div>\r\n<h3>Gestione Delle Prestazioni Riabilitative A Ciclo Diurno Continuo:<\/h3>\r\n<div class=\"conttt\">\r\n<p>Per le prenotazione in sede: dalle 9:00 alle 12:00 , dalle 14:00 alle 18:00.<\/p>\r\n<p>Per le prenotazione telefonica: dalle 9:00 alle 18:00 tutti i giorni feriali Tel. : <b>0381542068<\/b><\/p>\r\n<p>Orari di erogazione delle prestazioni: dalle 9:00 alle 18:00 tutti i giorni feriali .<\/p>\r\n<\/div>\r\n<div class=\"soc_cont\">\r\n<div><a><img decoding=\"async\" src=\"\/img\/s1.png\"><\/a><\/div>\r\n<div><a><img decoding=\"async\" src=\"\/img\/s2.png\"><\/a><\/div>\r\n<div><a href=\"http:\/\/www.facebook.com\/loscrignomagicocoop3%20%20\"><img decoding=\"async\" src=\"\/img\/s3.png\"><\/a><\/div>\r\n<div><a href=\"https:\/\/www.instagram.com\/lo_scrigno_magico_coop\"><img decoding=\"async\" src=\"\/img\/s4.png\"><\/a><\/div>\r\n<div><a href=\"https:\/\/www.youtube.com\/playlist?list=PLuWe767kByNPfwMSrGVWWsQ1ZmMumNVyg\"><img decoding=\"async\" src=\"\/img\/s5.png\"><\/a><\/div>\r\n<\/div>\r\n\r\n<figure class=\"wp-block-image size-full\"><img loading=\"lazy\" decoding=\"async\" width=\"906\" height=\"317\" class=\"wp-image-312\" src=\"\/wp-content\/uploads\/2022\/03\/im.jpg\" alt=\"\" srcset=\"https:\/\/scrignomagico.com\/wp-content\/uploads\/2022\/03\/im.jpg 906w, https:\/\/scrignomagico.com\/wp-content\/uploads\/2022\/03\/im-300x105.jpg 300w, https:\/\/scrignomagico.com\/wp-content\/uploads\/2022\/03\/im-768x269.jpg 768w\" sizes=\"auto, (max-width: 906px) 100vw, 906px\" \/><\/figure>\r\n","protected":false},"excerpt":{"rendered":"<p>Ogni giorno all\u2019Istituto di Riabilitazione \u201cLo Scrigno Magico\u201d vengono sviluppate attivit\u00e0 di promozione della qualit\u00e0 di vita attraverso il recupero funzionale e sociale di persone con disabilit\u00e0 siche, psichiche, sensoriali o miste, dipendenti da varie cause. Queste attivit\u00e0 sono erogate , coordinate e supervisionate da un\u2019equipe multidisciplinare e prevedono per ciascun utente il proprio Piano&hellip; <a class=\"more-link\" href=\"https:\/\/scrignomagico.com\/en\/contatti\/\">Continue reading <span class=\"screen-reader-text\">CONTACTS<\/span><\/a><\/p>\n","protected":false},"author":1,"featured_media":0,"parent":0,"menu_order":0,"comment_status":"closed","ping_status":"closed","template":"","meta":{"ngg_post_thumbnail":0,"footnotes":""},"class_list":["post-28","page","type-page","status-publish","hentry","entry"],"translation":{"provider":"WPGlobus","version":"2.10.4","language":"en","enabled_languages":["it","en","ru"],"languages":{"it":{"title":true,"content":true,"excerpt":false},"en":{"title":true,"content":false,"excerpt":false},"ru":{"title":true,"content":false,"excerpt":false}}},"yoast_head":"<!-- This site is optimized with the Yoast SEO plugin v23.4 - https:\/\/yoast.com\/wordpress\/plugins\/seo\/ -->\n<title>Contatti - Lo Scrigno Magico Vigevano<\/title>\n<meta name=\"robots\" content=\"index, follow, max-snippet:-1, max-image-preview:large, max-video-preview:-1\" \/>\n<link rel=\"canonical\" href=\"https:\/\/scrignomagico.com\/contatti\/\" \/>\n<meta property=\"og:locale\" content=\"en_US\" \/>\n<meta property=\"og:type\" content=\"article\" \/>\n<meta property=\"og:title\" content=\"CONTACTS - scrignomagico.com\" \/>\n<meta property=\"og:url\" content=\"https:\/\/scrignomagico.com\/contatti\/\" \/>\n<meta property=\"og:site_name\" content=\"scrignomagico.com\" \/>\n<meta property=\"article:modified_time\" content=\"2025-03-20T12:19:22+00:00\" \/>\n<meta name=\"twitter:card\" content=\"summary_large_image\" \/>\n<meta name=\"twitter:label1\" content=\"Est. reading time\" \/>\n\t<meta name=\"twitter:data1\" content=\"3 minutes\" \/>\n<script type=\"application\/ld+json\" class=\"yoast-schema-graph\">{\"@context\":\"https:\/\/schema.org\",\"@graph\":[{\"@type\":\"WebPage\",\"@id\":\"https:\/\/scrignomagico.com\/contatti\/\",\"url\":\"https:\/\/scrignomagico.com\/contatti\/\",\"name\":\"Contatti - Lo Scrigno Magico Vigevano\",\"isPartOf\":{\"@id\":\"https:\/\/scrignomagico.com\/#website\"},\"datePublished\":\"2022-03-01T05:43:46+00:00\",\"dateModified\":\"2025-03-20T12:19:22+00:00\",\"breadcrumb\":{\"@id\":\"https:\/\/scrignomagico.com\/contatti\/#breadcrumb\"},\"inLanguage\":\"en-US\",\"potentialAction\":[{\"@type\":\"ReadAction\",\"target\":[\"https:\/\/scrignomagico.com\/contatti\/\"]}]},{\"@type\":\"BreadcrumbList\",\"@id\":\"https:\/\/scrignomagico.com\/contatti\/#breadcrumb\",\"itemListElement\":[{\"@type\":\"ListItem\",\"position\":1,\"name\":\"\u0413\u043b\u0430\u0432\u043d\u0430\u044f \u0441\u0442\u0440\u0430\u043d\u0438\u0446\u0430\",\"item\":\"https:\/\/scrignomagico.com\/\"},{\"@type\":\"ListItem\",\"position\":2,\"name\":\"CONTATTI\"}]},{\"@type\":\"WebSite\",\"@id\":\"https:\/\/scrignomagico.com\/#website\",\"url\":\"https:\/\/scrignomagico.com\/\",\"name\":\"scrignomagico.com\",\"description\":\"Home - Lo Scrigno Magico Vigevano\",\"publisher\":{\"@id\":\"https:\/\/scrignomagico.com\/#organization\"},\"potentialAction\":[{\"@type\":\"SearchAction\",\"target\":{\"@type\":\"EntryPoint\",\"urlTemplate\":\"https:\/\/scrignomagico.com\/?s={search_term_string}\"},\"query-input\":{\"@type\":\"PropertyValueSpecification\",\"valueRequired\":true,\"valueName\":\"search_term_string\"}}],\"inLanguage\":\"en-US\"},{\"@type\":\"Organization\",\"@id\":\"https:\/\/scrignomagico.com\/#organization\",\"name\":\"scrignomagico.com\",\"url\":\"https:\/\/scrignomagico.com\/\",\"logo\":{\"@type\":\"ImageObject\",\"inLanguage\":\"en-US\",\"@id\":\"https:\/\/scrignomagico.com\/#\/schema\/logo\/image\/\",\"url\":\"https:\/\/scrignomagico.com\/wp-content\/uploads\/2022\/03\/lg.png\",\"contentUrl\":\"https:\/\/scrignomagico.com\/wp-content\/uploads\/2022\/03\/lg.png\",\"width\":369,\"height\":41,\"caption\":\"scrignomagico.com\"},\"image\":{\"@id\":\"https:\/\/scrignomagico.com\/#\/schema\/logo\/image\/\"}}]}<\/script>\n<!-- \/ Yoast SEO plugin. -->","yoast_head_json":{"title":"Contatti - Lo Scrigno Magico Vigevano","robots":{"index":"index","follow":"follow","max-snippet":"max-snippet:-1","max-image-preview":"max-image-preview:large","max-video-preview":"max-video-preview:-1"},"canonical":"https:\/\/scrignomagico.com\/contatti\/","og_locale":"en_US","og_type":"article","og_title":"CONTACTS - scrignomagico.com","og_url":"https:\/\/scrignomagico.com\/contatti\/","og_site_name":"scrignomagico.com","article_modified_time":"2025-03-20T12:19:22+00:00","twitter_card":"summary_large_image","twitter_misc":{"Est. reading time":"3 minutes"},"schema":{"@context":"https:\/\/schema.org","@graph":[{"@type":"WebPage","@id":"https:\/\/scrignomagico.com\/contatti\/","url":"https:\/\/scrignomagico.com\/contatti\/","name":"Contatti - Lo Scrigno Magico Vigevano","isPartOf":{"@id":"https:\/\/scrignomagico.com\/#website"},"datePublished":"2022-03-01T05:43:46+00:00","dateModified":"2025-03-20T12:19:22+00:00","breadcrumb":{"@id":"https:\/\/scrignomagico.com\/contatti\/#breadcrumb"},"inLanguage":"en-US","potentialAction":[{"@type":"ReadAction","target":["https:\/\/scrignomagico.com\/contatti\/"]}]},{"@type":"BreadcrumbList","@id":"https:\/\/scrignomagico.com\/contatti\/#breadcrumb","itemListElement":[{"@type":"ListItem","position":1,"name":"\u0413\u043b\u0430\u0432\u043d\u0430\u044f \u0441\u0442\u0440\u0430\u043d\u0438\u0446\u0430","item":"https:\/\/scrignomagico.com\/"},{"@type":"ListItem","position":2,"name":"CONTATTI"}]},{"@type":"WebSite","@id":"https:\/\/scrignomagico.com\/#website","url":"https:\/\/scrignomagico.com\/","name":"scrignomagico.com","description":"Home - Lo Scrigno Magico Vigevano","publisher":{"@id":"https:\/\/scrignomagico.com\/#organization"},"potentialAction":[{"@type":"SearchAction","target":{"@type":"EntryPoint","urlTemplate":"https:\/\/scrignomagico.com\/?s={search_term_string}"},"query-input":{"@type":"PropertyValueSpecification","valueRequired":true,"valueName":"search_term_string"}}],"inLanguage":"en-US"},{"@type":"Organization","@id":"https:\/\/scrignomagico.com\/#organization","name":"scrignomagico.com","url":"https:\/\/scrignomagico.com\/","logo":{"@type":"ImageObject","inLanguage":"en-US","@id":"https:\/\/scrignomagico.com\/#\/schema\/logo\/image\/","url":"https:\/\/scrignomagico.com\/wp-content\/uploads\/2022\/03\/lg.png","contentUrl":"https:\/\/scrignomagico.com\/wp-content\/uploads\/2022\/03\/lg.png","width":369,"height":41,"caption":"scrignomagico.com"},"image":{"@id":"https:\/\/scrignomagico.com\/#\/schema\/logo\/image\/"}}]}},"_links":{"self":[{"href":"https:\/\/scrignomagico.com\/en\/wp-json\/wp\/v2\/pages\/28","targetHints":{"allow":["GET"]}}],"collection":[{"href":"https:\/\/scrignomagico.com\/en\/wp-json\/wp\/v2\/pages"}],"about":[{"href":"https:\/\/scrignomagico.com\/en\/wp-json\/wp\/v2\/types\/page"}],"author":[{"embeddable":true,"href":"https:\/\/scrignomagico.com\/en\/wp-json\/wp\/v2\/users\/1"}],"replies":[{"embeddable":true,"href":"https:\/\/scrignomagico.com\/en\/wp-json\/wp\/v2\/comments?post=28"}],"version-history":[{"count":21,"href":"https:\/\/scrignomagico.com\/en\/wp-json\/wp\/v2\/pages\/28\/revisions"}],"predecessor-version":[{"id":1252,"href":"https:\/\/scrignomagico.com\/en\/wp-json\/wp\/v2\/pages\/28\/revisions\/1252"}],"wp:attachment":[{"href":"https:\/\/scrignomagico.com\/en\/wp-json\/wp\/v2\/media?parent=28"}],"curies":[{"name":"wp","href":"https:\/\/api.w.org\/{rel}","templated":true}]}}