



{"id":26,"date":"2022-03-01T08:43:30","date_gmt":"2022-03-01T05:43:30","guid":{"rendered":"http:\/\/scrignomagico.metko.ru\/?page_id=26"},"modified":"2025-03-20T14:31:14","modified_gmt":"2025-03-20T11:31:14","slug":"chi-siamo","status":"publish","type":"page","link":"https:\/\/scrignomagico.com\/en\/chi-siamo\/","title":{"rendered":"WHO WE ARE"},"content":{"rendered":"<p>Ogni giorno all\u2019Istituto di Riabilitazione&nbsp; \u201c<strong>Lo Scrigno Magico\u201d<\/strong> vengono sviluppate attivit\u00e0 di promozione della qualit\u00e0 di vita attraverso il recupero funzionale e sociale di persone con disabilit\u00e0 fisiche, psichiche, sensoriali o miste, dipendenti da varie cause. Queste attivit\u00e0 sono erogate , coordinate e supervisionate da un\u2019<strong>equipe multidisciplinare <\/strong>e prevedono per ciascun utente il proprio <strong>Piano Riabilitativo Individualizzato , <\/strong>nel quale possono essere prescritti vari interventi necessari <strong>:<\/strong> riabilitazione , chinesiterapia, terapia neuromotoria e funzionale, psicomotricit\u00e0, logopedia , potenziamento cognitivo ,attivit\u00e0 espressive, musicoterapia e attivit\u00e0 di animazione ,attivit\u00e0 motorie in piscina terapeutica, attivit\u00e0 di sostegno alla famiglia,&nbsp; riabilitazione equestre , che si avvalgono anche di&nbsp;<strong>strumentazioni innovative e tecnologicamente avanzate<\/strong><strong>.<\/strong><\/p>\n<p><strong>I servizi erogati nell\u2019Istituto : <\/strong><\/p>\n<ul>\n<li>Servizio di riabilitazione diurna ( ambulatoriale e ciclo diurno continuo)<\/li>\n<li>Servizi di Neuropsichiatria infantile e psicoterapia<\/li>\n<li>Servizio di logopedia e trattamento DSA<\/li>\n<li>Servizio di neuropsicomotricit\u00e0<\/li>\n<li>Servizio di fisioterapia<\/li>\n<li>Servizio di neuropsicologia<\/li>\n<li>Servizio per diagnosi e cura dell\u2019autismo<\/li>\n<li>Attivit\u00e0 in stanza multisensoriale Snoezelen<\/li>\n<li>Attivit\u00e0 arti espressive<\/li>\n<li>Sostegno psicologico alla famiglia<\/li>\n<li>Esecuzione dei TEST diagnostici e funzionali ( elenco)<\/li>\n<\/ul>\n","protected":false},"excerpt":{"rendered":"<p>Ogni giorno all\u2019Istituto di Riabilitazione&nbsp; \u201cLo Scrigno Magico\u201d vengono sviluppate attivit\u00e0 di promozione della qualit\u00e0 di vita attraverso il recupero funzionale e sociale di persone con disabilit\u00e0 fisiche, psichiche, sensoriali o miste, dipendenti da varie cause. Queste attivit\u00e0 sono erogate , coordinate e supervisionate da un\u2019equipe multidisciplinare e prevedono per ciascun utente il proprio Piano&hellip; <a class=\"more-link\" href=\"https:\/\/scrignomagico.com\/en\/chi-siamo\/\">Continue reading <span class=\"screen-reader-text\">WHO WE ARE<\/span><\/a><\/p>\n","protected":false},"author":1,"featured_media":0,"parent":0,"menu_order":0,"comment_status":"closed","ping_status":"closed","template":"","meta":{"ngg_post_thumbnail":0,"footnotes":""},"class_list":["post-26","page","type-page","status-publish","hentry","entry"],"translation":{"provider":"WPGlobus","version":"2.10.4","language":"en","enabled_languages":["it","en","ru"],"languages":{"it":{"title":true,"content":true,"excerpt":false},"en":{"title":true,"content":false,"excerpt":false},"ru":{"title":true,"content":false,"excerpt":false}}},"yoast_head":"<!-- This site is optimized with the Yoast SEO plugin v23.4 - https:\/\/yoast.com\/wordpress\/plugins\/seo\/ -->\n<title>WHO WE ARE - scrignomagico.com<\/title>\n<meta name=\"robots\" content=\"index, follow, max-snippet:-1, max-image-preview:large, max-video-preview:-1\" \/>\n<link rel=\"canonical\" href=\"https:\/\/scrignomagico.com\/chi-siamo\/\" \/>\n<meta property=\"og:locale\" content=\"en_US\" \/>\n<meta property=\"og:type\" content=\"article\" \/>\n<meta property=\"og:title\" content=\"WHO WE ARE - scrignomagico.com\" \/>\n<meta property=\"og:url\" content=\"https:\/\/scrignomagico.com\/chi-siamo\/\" \/>\n<meta property=\"og:site_name\" content=\"scrignomagico.com\" \/>\n<meta property=\"article:modified_time\" content=\"2025-03-20T11:31:14+00:00\" \/>\n<meta name=\"twitter:card\" content=\"summary_large_image\" \/>\n<meta name=\"twitter:label1\" content=\"Est. reading time\" \/>\n\t<meta name=\"twitter:data1\" content=\"1 minute\" \/>\n<script type=\"application\/ld+json\" class=\"yoast-schema-graph\">{\"@context\":\"https:\/\/schema.org\",\"@graph\":[{\"@type\":\"WebPage\",\"@id\":\"https:\/\/scrignomagico.com\/chi-siamo\/\",\"url\":\"https:\/\/scrignomagico.com\/chi-siamo\/\",\"name\":\"WHO WE ARE - scrignomagico.com\",\"isPartOf\":{\"@id\":\"https:\/\/scrignomagico.com\/#website\"},\"datePublished\":\"2022-03-01T05:43:30+00:00\",\"dateModified\":\"2025-03-20T11:31:14+00:00\",\"breadcrumb\":{\"@id\":\"https:\/\/scrignomagico.com\/chi-siamo\/#breadcrumb\"},\"inLanguage\":\"en-US\",\"potentialAction\":[{\"@type\":\"ReadAction\",\"target\":[\"https:\/\/scrignomagico.com\/chi-siamo\/\"]}]},{\"@type\":\"BreadcrumbList\",\"@id\":\"https:\/\/scrignomagico.com\/chi-siamo\/#breadcrumb\",\"itemListElement\":[{\"@type\":\"ListItem\",\"position\":1,\"name\":\"\u0413\u043b\u0430\u0432\u043d\u0430\u044f \u0441\u0442\u0440\u0430\u043d\u0438\u0446\u0430\",\"item\":\"https:\/\/scrignomagico.com\/\"},{\"@type\":\"ListItem\",\"position\":2,\"name\":\"CHI SIAMO\"}]},{\"@type\":\"WebSite\",\"@id\":\"https:\/\/scrignomagico.com\/#website\",\"url\":\"https:\/\/scrignomagico.com\/\",\"name\":\"scrignomagico.com\",\"description\":\"Home - Lo Scrigno Magico Vigevano\",\"publisher\":{\"@id\":\"https:\/\/scrignomagico.com\/#organization\"},\"potentialAction\":[{\"@type\":\"SearchAction\",\"target\":{\"@type\":\"EntryPoint\",\"urlTemplate\":\"https:\/\/scrignomagico.com\/?s={search_term_string}\"},\"query-input\":{\"@type\":\"PropertyValueSpecification\",\"valueRequired\":true,\"valueName\":\"search_term_string\"}}],\"inLanguage\":\"en-US\"},{\"@type\":\"Organization\",\"@id\":\"https:\/\/scrignomagico.com\/#organization\",\"name\":\"scrignomagico.com\",\"url\":\"https:\/\/scrignomagico.com\/\",\"logo\":{\"@type\":\"ImageObject\",\"inLanguage\":\"en-US\",\"@id\":\"https:\/\/scrignomagico.com\/#\/schema\/logo\/image\/\",\"url\":\"https:\/\/scrignomagico.com\/wp-content\/uploads\/2022\/03\/lg.png\",\"contentUrl\":\"https:\/\/scrignomagico.com\/wp-content\/uploads\/2022\/03\/lg.png\",\"width\":369,\"height\":41,\"caption\":\"scrignomagico.com\"},\"image\":{\"@id\":\"https:\/\/scrignomagico.com\/#\/schema\/logo\/image\/\"}}]}<\/script>\n<!-- \/ Yoast SEO plugin. -->","yoast_head_json":{"title":"WHO WE ARE - scrignomagico.com","robots":{"index":"index","follow":"follow","max-snippet":"max-snippet:-1","max-image-preview":"max-image-preview:large","max-video-preview":"max-video-preview:-1"},"canonical":"https:\/\/scrignomagico.com\/chi-siamo\/","og_locale":"en_US","og_type":"article","og_title":"WHO WE ARE - scrignomagico.com","og_url":"https:\/\/scrignomagico.com\/chi-siamo\/","og_site_name":"scrignomagico.com","article_modified_time":"2025-03-20T11:31:14+00:00","twitter_card":"summary_large_image","twitter_misc":{"Est. reading time":"1 minute"},"schema":{"@context":"https:\/\/schema.org","@graph":[{"@type":"WebPage","@id":"https:\/\/scrignomagico.com\/chi-siamo\/","url":"https:\/\/scrignomagico.com\/chi-siamo\/","name":"WHO WE ARE - scrignomagico.com","isPartOf":{"@id":"https:\/\/scrignomagico.com\/#website"},"datePublished":"2022-03-01T05:43:30+00:00","dateModified":"2025-03-20T11:31:14+00:00","breadcrumb":{"@id":"https:\/\/scrignomagico.com\/chi-siamo\/#breadcrumb"},"inLanguage":"en-US","potentialAction":[{"@type":"ReadAction","target":["https:\/\/scrignomagico.com\/chi-siamo\/"]}]},{"@type":"BreadcrumbList","@id":"https:\/\/scrignomagico.com\/chi-siamo\/#breadcrumb","itemListElement":[{"@type":"ListItem","position":1,"name":"\u0413\u043b\u0430\u0432\u043d\u0430\u044f \u0441\u0442\u0440\u0430\u043d\u0438\u0446\u0430","item":"https:\/\/scrignomagico.com\/"},{"@type":"ListItem","position":2,"name":"CHI SIAMO"}]},{"@type":"WebSite","@id":"https:\/\/scrignomagico.com\/#website","url":"https:\/\/scrignomagico.com\/","name":"scrignomagico.com","description":"Home - Lo Scrigno Magico Vigevano","publisher":{"@id":"https:\/\/scrignomagico.com\/#organization"},"potentialAction":[{"@type":"SearchAction","target":{"@type":"EntryPoint","urlTemplate":"https:\/\/scrignomagico.com\/?s={search_term_string}"},"query-input":{"@type":"PropertyValueSpecification","valueRequired":true,"valueName":"search_term_string"}}],"inLanguage":"en-US"},{"@type":"Organization","@id":"https:\/\/scrignomagico.com\/#organization","name":"scrignomagico.com","url":"https:\/\/scrignomagico.com\/","logo":{"@type":"ImageObject","inLanguage":"en-US","@id":"https:\/\/scrignomagico.com\/#\/schema\/logo\/image\/","url":"https:\/\/scrignomagico.com\/wp-content\/uploads\/2022\/03\/lg.png","contentUrl":"https:\/\/scrignomagico.com\/wp-content\/uploads\/2022\/03\/lg.png","width":369,"height":41,"caption":"scrignomagico.com"},"image":{"@id":"https:\/\/scrignomagico.com\/#\/schema\/logo\/image\/"}}]}},"_links":{"self":[{"href":"https:\/\/scrignomagico.com\/en\/wp-json\/wp\/v2\/pages\/26","targetHints":{"allow":["GET"]}}],"collection":[{"href":"https:\/\/scrignomagico.com\/en\/wp-json\/wp\/v2\/pages"}],"about":[{"href":"https:\/\/scrignomagico.com\/en\/wp-json\/wp\/v2\/types\/page"}],"author":[{"embeddable":true,"href":"https:\/\/scrignomagico.com\/en\/wp-json\/wp\/v2\/users\/1"}],"replies":[{"embeddable":true,"href":"https:\/\/scrignomagico.com\/en\/wp-json\/wp\/v2\/comments?post=26"}],"version-history":[{"count":7,"href":"https:\/\/scrignomagico.com\/en\/wp-json\/wp\/v2\/pages\/26\/revisions"}],"predecessor-version":[{"id":1251,"href":"https:\/\/scrignomagico.com\/en\/wp-json\/wp\/v2\/pages\/26\/revisions\/1251"}],"wp:attachment":[{"href":"https:\/\/scrignomagico.com\/en\/wp-json\/wp\/v2\/media?parent=26"}],"curies":[{"name":"wp","href":"https:\/\/api.w.org\/{rel}","templated":true}]}}